{"id":1901,"date":"2023-08-04T12:08:26","date_gmt":"2023-08-04T10:08:26","guid":{"rendered":"https:\/\/shop-grundschul-universum.de\/?post_type=product&#038;p=1901"},"modified":"2026-04-12T18:34:37","modified_gmt":"2026-04-12T16:34:37","slug":"schreibschriftkurs-sas","status":"publish","type":"product","link":"https:\/\/shop-grundschul-universum.de\/index.php\/product\/schreibschriftkurs-sas\/","title":{"rendered":"Schreibschriftkurs SAS (Schulausgangsschrift) Kopiervorlagen- Downloadversion"},"content":{"rendered":"<p><strong><span style=\"text-decoration: underline;\">Schreibschrift-Lehrgang (Schulausgangsschrift SAS) 1.\/2. Jahrgangsstufe, lehrwerkunabh\u00e4ngig, mit Schwerpunkt auf verbessertem Schreibfluss<\/span> <\/strong><br \/>\n<em>Produkt ist eine Download-Datei, \u00fcberarbeitete Version 2023<\/em><br \/>\n<strong>Aus der Praxis f\u00fcr die Praxis<\/strong><br \/>\n&#8211; enth\u00e4lt Kopiervorlagen f\u00fcr Schwung\u00fcbungen (10 Seiten Din A5)<br \/>\n&#8211; Buchstabeneinf\u00fchrung (inkl. \u00df sch ch) als Kopiervorlagen (30 Seiten Din A4)<br \/>\n&#8211; vertiefende \u00dcbungen mit W\u00f6rtern und S\u00e4tzen als Kopiervorlagen (20 Seiten Din A4)- 10 vorbereitende Schwung\u00fcbungen<br \/>\n&#8211; umstrittene Buchstaben, wie kleines t, K\u00f6pfchen-e und Schleifen-s durch weniger fehleranf\u00e4llige Varianten ersetzt<br \/>\n&#8211; erg\u00e4nzendes Material f\u00fcr Tafel, Lern\u00fcbersicht und Schreib\u00fcbungen<br \/>\n&#8211; inklusive Lehrerhandreichung mit ausf\u00fchrlichen Vorschl\u00e4gen f\u00fcr die Umsetzung im Unterricht<br \/>\n&#8211; umstrittene Buchstaben wie K\u00f6pfchen-e, Schleifen-s und kleines t durch weniger fehleranf\u00e4llige Varianten ersetzt (sieheProduktvorschau)<br \/>\n&#8211; entstanden aus mehr als zwei Jahrzehnten Erfahrung mit verbundener Schrift<br \/>\n<strong>Weniger ist manchmal mehr<\/strong><br \/>\n&#8211; schlicht gehaltene \u00dcbungsseiten mit immer gleichem Aufbau<br \/>\n&#8211; vermeidet Ablenkung, \u00dcberreizung und \u00dcberforderung<br \/>\n&#8211; wenig Aufwand f\u00fcr Unterrichtsvorbereitung<br \/>\n<strong>Aller Anfang muss nicht schwer sein<\/strong><br \/>\n&#8211; vorbereitende Schwung\u00fcbungen, aufgebaut wie die anschlie\u00dfenden Buchstabenseiten<br \/>\n&#8211; bereitet die Einf\u00fchrung der Buchstaben optimal vor<br \/>\n&#8211; Sicherheit f\u00fcr die Sch\u00fcler\/innen durch \u00e4hnlichen Ablauf<br \/>\n<strong>\u00dcbung macht den Meister und die Meisterin<\/strong><br \/>\n&#8211; intensive \u00dcbung der Buchstabenverbindungen (=Voraussetzung f\u00fcr Schreibfluss)<br \/>\n&#8211; ein DinA4-Arbeitsblatt f\u00fcr jeden Buchstaben (inkl. \u00df, ch, sch)<br \/>\n&#8211; vor jeder Buchstabenseite:\u00a0 Platz f\u00fcr vorbereitende Schreib\u00fcbung<br \/>\n&#8211; zus\u00e4tzliche Arbeitsbl\u00e4tter mit W\u00f6rtern und S\u00e4tzen als vertiefende \u00dcbungen<br \/>\n&#8211; Blanko-Linienbl\u00e4tter in 3 verschiedenen Zeilengr\u00f6\u00dfen und 2 Formaten als Kopiervorlagen f\u00fcr Differenzeirung<\/p>\n<p>P<strong>assend dazu gibt\u00b4s unser Arbeitsheft Schreibschrift-Kurs in SAS<\/strong><\/p>\n","protected":false},"excerpt":{"rendered":"<p>Mit diesen 50 DinA4-Kopiervorlagen f\u00e4llt das nachhaltige Vermitteln der Schreibschrift leicht. Nacheinander werden die Buchstaben der Schulausgangsschrift eingef\u00fchrt und die Buchstabenverbindungen intensiv trainiert. F\u00fcr <em>e<\/em>, <em>t<\/em> und <em>s<\/em> wurden die Buchstabenvarianten gew\u00e4hlt, die die Entwicklung von Fehlformen minimieren. W\u00f6rter und S\u00e4tze k\u00f6nnen auf eigenen Seiten zus\u00e4tzlich ge\u00fcbt werden.Beispiele f\u00fcr Buchstabeneinf\u00fchrung und Tafelmaterial sowie Linienbl\u00e4tter in verschiedenen Formaten erleichtern die Vorbereitung.<\/p>\n","protected":false},"featured_media":2258,"comment_status":"open","ping_status":"closed","template":"","meta":[],"product_brand":[],"product_cat":[72,62,68,69,64,66],"product_tag":[94,119,118,104,120,101,32,108,102,103,121],"class_list":{"0":"post-1901","1":"product","2":"type-product","3":"status-publish","4":"has-post-thumbnail","6":"product_cat-deutsch","7":"product_cat-fach","8":"product_cat-klasse-1","9":"product_cat-klasse-2","10":"product_cat-klassenstufe","11":"product_cat-schreiben","12":"product_tag-1-klasse","13":"product_tag-2-klasse","14":"product_tag-kopiervorlagen","15":"product_tag-sas","16":"product_tag-schreiben-lernen","17":"product_tag-schreiblehrgang","18":"product_tag-schreibschrift","19":"product_tag-schreibschriftkurs","20":"product_tag-schriftspracherwerb","21":"product_tag-schulausgangsschrift","22":"product_tag-verbundene-schrift","24":"first","25":"instock","26":"downloadable","27":"virtual","28":"purchasable","29":"product-type-simple"},"jetpack-related-posts":[],"jetpack_sharing_enabled":true,"_links":{"self":[{"href":"https:\/\/shop-grundschul-universum.de\/index.php\/wp-json\/wp\/v2\/product\/1901","targetHints":{"allow":["GET"]}}],"collection":[{"href":"https:\/\/shop-grundschul-universum.de\/index.php\/wp-json\/wp\/v2\/product"}],"about":[{"href":"https:\/\/shop-grundschul-universum.de\/index.php\/wp-json\/wp\/v2\/types\/product"}],"replies":[{"embeddable":true,"href":"https:\/\/shop-grundschul-universum.de\/index.php\/wp-json\/wp\/v2\/comments?post=1901"}],"wp:featuredmedia":[{"embeddable":true,"href":"https:\/\/shop-grundschul-universum.de\/index.php\/wp-json\/wp\/v2\/media\/2258"}],"wp:attachment":[{"href":"https:\/\/shop-grundschul-universum.de\/index.php\/wp-json\/wp\/v2\/media?parent=1901"}],"wp:term":[{"taxonomy":"product_brand","embeddable":true,"href":"https:\/\/shop-grundschul-universum.de\/index.php\/wp-json\/wp\/v2\/product_brand?post=1901"},{"taxonomy":"product_cat","embeddable":true,"href":"https:\/\/shop-grundschul-universum.de\/index.php\/wp-json\/wp\/v2\/product_cat?post=1901"},{"taxonomy":"product_tag","embeddable":true,"href":"https:\/\/shop-grundschul-universum.de\/index.php\/wp-json\/wp\/v2\/product_tag?post=1901"}],"curies":[{"name":"wp","href":"https:\/\/api.w.org\/{rel}","templated":true}]}}