{"id":4636,"date":"2024-09-03T21:10:38","date_gmt":"2024-09-03T19:10:38","guid":{"rendered":"https:\/\/shop-grundschul-universum.de\/?post_type=product&#038;p=4636"},"modified":"2026-04-12T18:34:14","modified_gmt":"2026-04-12T16:34:14","slug":"wissenskartei-tiere-des-waldbodens","status":"publish","type":"product","link":"https:\/\/shop-grundschul-universum.de\/index.php\/product\/wissenskartei-tiere-des-waldbodens\/","title":{"rendered":"Wissenskartei Tiere des Waldbodens"},"content":{"rendered":"<p>Die Wissenskartei \u00fcber die Tiere des Waldbodens l\u00e4sst sich wunderbar in verschiedenen Situationen innerhalb und au\u00dferhalb des Klassenzimmers einsetzen. Die kleinen Lebewesen im und auf dem Waldboden werden oft vergessen und doch sind sie ein wichtiger Bestandteil des \u00d6kosystems Wald.<\/p>\n<p>Das Wissen \u00fcber diese Bodentiere er\u00f6ffnet eine neue Perspektive auf den Wald. Die Kinder sind ganz fasziniert davon, wenn sie im Wald eines der Tiere entdecken, es bestimmen und mehr dar\u00fcber nachlesen k\u00f6nnen.<\/p>\n<p>Einsatzm\u00f6glichkeiten:<br \/>\n&#8211; Bei einer Wanderung in den Wald kann der Waldboden erkundet und die Tiere mit oder auch ohne Becherlupen beobachtet werden. Die Wissenskartei hilft bei der Bestimmung der Tiere und liefert Hintergrundinformationen.<br \/>\n&#8211; Im Rahmen des Unterrichts beim Kennenlernen der Artenvielfalt des Waldes kann die Kartei als Informationsquelle dienen.<br \/>\n&#8211; Im Leseunterricht k\u00f6nnen die Kinder mithilfe der Kartei Informationen aus Sachtexten erlesen.<\/p>\n<p>Viel Freude beim Entdecken und Erforschen!<\/p>\n<p><em>Produkt wird virtuell angeboten und ist herunterladbar.<br \/>\nBitte die Kartei <strong>beidseitig bedrucken<\/strong>!<\/em><\/p>\n","protected":false},"excerpt":{"rendered":"<p>&#8211; Foto und Steckbrief zu ausgew\u00e4hlten Tieren des Waldbodens<br \/>\n&#8211; 18 verschiedene Tiere<br \/>\n&#8211; Informationen zu Merkmalen, Lebensraum, Nahrung und Besonderheiten<br \/>\n&#8211; gro\u00dfes Foto des Tieres auf der R\u00fcckseite der Karteikarte<br \/>\n&#8211; geeignet zur Bestimmung von Bodentieren<\/p>\n","protected":false},"featured_media":5392,"comment_status":"open","ping_status":"closed","template":"","meta":[],"product_brand":[],"product_cat":[68,69,70,71],"product_tag":[],"class_list":{"0":"post-4636","1":"product","2":"type-product","3":"status-publish","4":"has-post-thumbnail","6":"product_cat-klasse-1","7":"product_cat-klasse-2","8":"product_cat-klasse-3","9":"product_cat-klasse-4","11":"first","12":"instock","13":"downloadable","14":"virtual","15":"purchasable","16":"product-type-simple"},"jetpack-related-posts":[],"jetpack_sharing_enabled":true,"_links":{"self":[{"href":"https:\/\/shop-grundschul-universum.de\/index.php\/wp-json\/wp\/v2\/product\/4636","targetHints":{"allow":["GET"]}}],"collection":[{"href":"https:\/\/shop-grundschul-universum.de\/index.php\/wp-json\/wp\/v2\/product"}],"about":[{"href":"https:\/\/shop-grundschul-universum.de\/index.php\/wp-json\/wp\/v2\/types\/product"}],"replies":[{"embeddable":true,"href":"https:\/\/shop-grundschul-universum.de\/index.php\/wp-json\/wp\/v2\/comments?post=4636"}],"wp:featuredmedia":[{"embeddable":true,"href":"https:\/\/shop-grundschul-universum.de\/index.php\/wp-json\/wp\/v2\/media\/5392"}],"wp:attachment":[{"href":"https:\/\/shop-grundschul-universum.de\/index.php\/wp-json\/wp\/v2\/media?parent=4636"}],"wp:term":[{"taxonomy":"product_brand","embeddable":true,"href":"https:\/\/shop-grundschul-universum.de\/index.php\/wp-json\/wp\/v2\/product_brand?post=4636"},{"taxonomy":"product_cat","embeddable":true,"href":"https:\/\/shop-grundschul-universum.de\/index.php\/wp-json\/wp\/v2\/product_cat?post=4636"},{"taxonomy":"product_tag","embeddable":true,"href":"https:\/\/shop-grundschul-universum.de\/index.php\/wp-json\/wp\/v2\/product_tag?post=4636"}],"curies":[{"name":"wp","href":"https:\/\/api.w.org\/{rel}","templated":true}]}}