{"id":5572,"date":"2025-03-06T17:38:44","date_gmt":"2025-03-06T16:38:44","guid":{"rendered":"https:\/\/shop-grundschul-universum.de\/?post_type=product&#038;p=5572"},"modified":"2026-04-23T02:03:10","modified_gmt":"2026-04-23T00:03:10","slug":"mitmachgeschichte-kreatives-schreiben-die-neue-insel","status":"publish","type":"product","link":"https:\/\/shop-grundschul-universum.de\/index.php\/product\/mitmachgeschichte-kreatives-schreiben-die-neue-insel\/","title":{"rendered":"Mitmachgeschichte &#8211; kreatives Schreiben (Die neue Insel)"},"content":{"rendered":"<p>Die Mitmachgeschichte dient gleichzeitig als Lesemotivation und kreativem Schreibanlass. Im Lesetext werden die Kinder aufgefordert, Teile der Geschichte zu erfinden und die Geschichte weiterzuschreiben.<br \/>\nSo bestimmen die Kinder den Fortgang der Geschichte erheblich mit.<br \/>\nDie Kinder k\u00f6nnen das Arbeitsblatt selbstst\u00e4ndig bearbeiten. Somit eignet sich die Geschichte super f\u00fcr eine Lesestunde, als Teil einer Lerntheke o.\u00e4.<\/p>\n<p>\u2013>Material zur Autorenrunde findest du kostenlos auf unserem Blog!<\/p>\n<p>Die Geschichte dient als:<br \/>\n\u2013 Lese\u00fcbung (sinnentnehmendes Lesen)<br \/>\n\u2013 Lesemotivation<br \/>\n\u2013 Schreibanlass<br \/>\n\u2013 \u00dcbung f\u00fcr das Geschichtenschreiben<\/p>\n<p>So kannst du sie einsetzen:<br \/>\n\u2013 Lesestunde<br \/>\n\u2013 Differenzierung<br \/>\n\u2013 Lerntheke<br \/>\n\u2013 Vor\u00fcbung zum Aufsatzschreiben<br \/>\n\u2013 Lesecaf\u00e9<br \/>\nWeitere Vorschl\u00e4ge und genauere Ausf\u00fchrungen findest du im Beitrag zu Mitmachb\u00fcchern auf unserem Blog.<\/p>\n<p><em>Product ist eine Download-Datei.<\/em><\/p>\n","protected":false},"excerpt":{"rendered":"<p>Die beliebten Mitmachb\u00fccher gibt es jetzt auch in Form von Arbeitsbl\u00e4ttern. Die Geschichte bleibt gleich!<br \/>\nVorteile: Schneller vorbereitet und leicht einsetzbar<br \/>\n3-fach differenziert<\/p>\n","protected":false},"featured_media":5574,"comment_status":"open","ping_status":"closed","template":"","meta":[],"product_brand":[],"product_cat":[72,69,70,71,63,67,86,66],"product_tag":[133],"class_list":{"0":"post-5572","1":"product","2":"type-product","3":"status-publish","4":"has-post-thumbnail","6":"product_cat-deutsch","7":"product_cat-klasse-2","8":"product_cat-klasse-3","9":"product_cat-klasse-4","10":"product_cat-kompetenzen","11":"product_cat-lesen","12":"product_cat-mitmachbuecher","13":"product_cat-schreiben","14":"product_tag-mitmachgeschichte","16":"first","17":"instock","18":"downloadable","19":"virtual","20":"purchasable","21":"product-type-simple"},"jetpack-related-posts":[],"jetpack_sharing_enabled":true,"_links":{"self":[{"href":"https:\/\/shop-grundschul-universum.de\/index.php\/wp-json\/wp\/v2\/product\/5572","targetHints":{"allow":["GET"]}}],"collection":[{"href":"https:\/\/shop-grundschul-universum.de\/index.php\/wp-json\/wp\/v2\/product"}],"about":[{"href":"https:\/\/shop-grundschul-universum.de\/index.php\/wp-json\/wp\/v2\/types\/product"}],"replies":[{"embeddable":true,"href":"https:\/\/shop-grundschul-universum.de\/index.php\/wp-json\/wp\/v2\/comments?post=5572"}],"wp:featuredmedia":[{"embeddable":true,"href":"https:\/\/shop-grundschul-universum.de\/index.php\/wp-json\/wp\/v2\/media\/5574"}],"wp:attachment":[{"href":"https:\/\/shop-grundschul-universum.de\/index.php\/wp-json\/wp\/v2\/media?parent=5572"}],"wp:term":[{"taxonomy":"product_brand","embeddable":true,"href":"https:\/\/shop-grundschul-universum.de\/index.php\/wp-json\/wp\/v2\/product_brand?post=5572"},{"taxonomy":"product_cat","embeddable":true,"href":"https:\/\/shop-grundschul-universum.de\/index.php\/wp-json\/wp\/v2\/product_cat?post=5572"},{"taxonomy":"product_tag","embeddable":true,"href":"https:\/\/shop-grundschul-universum.de\/index.php\/wp-json\/wp\/v2\/product_tag?post=5572"}],"curies":[{"name":"wp","href":"https:\/\/api.w.org\/{rel}","templated":true}]}}