{"id":6040,"date":"2025-06-27T16:31:15","date_gmt":"2025-06-27T14:31:15","guid":{"rendered":"https:\/\/shop-grundschul-universum.de\/?post_type=product&#038;p=6040"},"modified":"2026-04-12T18:34:15","modified_gmt":"2026-04-12T16:34:15","slug":"kleine-sommer-lesekrimis","status":"publish","type":"product","link":"https:\/\/shop-grundschul-universum.de\/index.php\/product\/kleine-sommer-lesekrimis\/","title":{"rendered":"Kleine Sommer-Lesekrimis"},"content":{"rendered":"<p><em>Dieses Produkt ist eine Download-Datei.<\/em><\/p>\n<p>In dem Material enthalten sind <strong>18 kleine Sommer- Lesekrimis<\/strong> und <strong>L\u00f6sungen<\/strong> (f\u00fcr Lehrkr\u00e4fte).<\/p>\n<p>Die Lesekrimis sind kleine Geschichten, bei denen die Sch\u00fclerinnen und Sch\u00fcler am Ende durch die Hinweise im Text herausfinden, wer der\/die T\u00e4ter\/in ist. Es geht also um <strong>genaues Lesen<\/strong> mit einem <strong>hohen Spa\u00df- und Spannungsfaktor<\/strong> ;).<\/p>\n<p>Als ich die Krimis in meiner 2. Klasse ausprobierte, waren die Kinder Feuer und Flamme und haben einen Krimi nach dem anderen gelesen. Wenn sie einen fertig hatten, trafen sie sich immer zu zweit an einer Haltestelle und lasen sich die Krimis gegenseitig vor. Das Partnerkind musste dann die abschlie\u00dfende Frage beantworten. So habe ich gleichzeitig auch das <strong>Vorlesen und Zuh\u00f6ren gef\u00f6rdert<\/strong>.<\/p>\n<p>Anschlie\u00dfend zeigten sie mir ihre Vermutung \u00fcber den\/die T\u00e4ter\/in und ich \u00fcberpr\u00fcfte das schnell mit meinen L\u00f6sungen (alphabetisch geordnet). Ich lasse die Kinder nicht selbst kontrollieren, <strong>damit alle genau lesen m\u00fcssen<\/strong>.<\/p>\n","protected":false},"excerpt":{"rendered":"<ul>\n<li>Lesekrimi-Kartei (18 St\u00fcck) (ca. DinA5-Gr\u00f6\u00dfe) zum Thema Sommer<\/li>\n<li>In Silbenschrift oder ohne<\/li>\n<li>L\u00f6sungen f\u00fcr Lehrkr\u00e4fte<\/li>\n<li>F\u00f6rderung von (Vor-)Lesen und Zuh\u00f6ren<\/li>\n<li>besondere Unterrichtsstunde ohne viel Aufwand<\/li>\n<li>hoher Spa\u00df- und Spannungsfaktor \ud83d\ude09<\/li>\n<\/ul>\n","protected":false},"featured_media":6041,"comment_status":"open","ping_status":"closed","template":"","meta":[],"product_brand":[],"product_cat":[72,68,69,91,67],"product_tag":[94,33,92,85,113],"class_list":{"0":"post-6040","1":"product","2":"type-product","3":"status-publish","4":"has-post-thumbnail","6":"product_cat-deutsch","7":"product_cat-klasse-1","8":"product_cat-klasse-2","9":"product_cat-lesekrimis","10":"product_cat-lesen","11":"product_tag-1-klasse","12":"product_tag-deutsch","13":"product_tag-lesekrimis","14":"product_tag-lesen","15":"product_tag-lesenlernen","17":"first","18":"instock","19":"downloadable","20":"virtual","21":"purchasable","22":"product-type-simple"},"jetpack-related-posts":[],"jetpack_sharing_enabled":true,"_links":{"self":[{"href":"https:\/\/shop-grundschul-universum.de\/index.php\/wp-json\/wp\/v2\/product\/6040","targetHints":{"allow":["GET"]}}],"collection":[{"href":"https:\/\/shop-grundschul-universum.de\/index.php\/wp-json\/wp\/v2\/product"}],"about":[{"href":"https:\/\/shop-grundschul-universum.de\/index.php\/wp-json\/wp\/v2\/types\/product"}],"replies":[{"embeddable":true,"href":"https:\/\/shop-grundschul-universum.de\/index.php\/wp-json\/wp\/v2\/comments?post=6040"}],"wp:featuredmedia":[{"embeddable":true,"href":"https:\/\/shop-grundschul-universum.de\/index.php\/wp-json\/wp\/v2\/media\/6041"}],"wp:attachment":[{"href":"https:\/\/shop-grundschul-universum.de\/index.php\/wp-json\/wp\/v2\/media?parent=6040"}],"wp:term":[{"taxonomy":"product_brand","embeddable":true,"href":"https:\/\/shop-grundschul-universum.de\/index.php\/wp-json\/wp\/v2\/product_brand?post=6040"},{"taxonomy":"product_cat","embeddable":true,"href":"https:\/\/shop-grundschul-universum.de\/index.php\/wp-json\/wp\/v2\/product_cat?post=6040"},{"taxonomy":"product_tag","embeddable":true,"href":"https:\/\/shop-grundschul-universum.de\/index.php\/wp-json\/wp\/v2\/product_tag?post=6040"}],"curies":[{"name":"wp","href":"https:\/\/api.w.org\/{rel}","templated":true}]}}